{"id":136,"date":"2025-01-23T04:07:54","date_gmt":"2025-01-23T04:07:54","guid":{"rendered":"http:\/\/192.168.1.150:8080\/?page_id=136"},"modified":"2026-02-28T14:03:27","modified_gmt":"2026-02-28T20:03:27","slug":"bienvenida-2","status":"publish","type":"page","link":"https:\/\/icbpalabradevida.org\/?page_id=136","title":{"rendered":"Bienvenida"},"content":{"rendered":"\n<pre class=\"wp-block-verse has-text-align-center has-luminous-vivid-amber-to-luminous-vivid-orange-gradient-background has-background\">\u00a1Mirad cu\u00e1n bueno y cu\u00e1n delicioso es habitar juntos los hermanos en armon\u00eda! <br>Salmos 133:1<br><\/pre>\n\n\n\n<hr class=\"wp-block-separator has-alpha-channel-opacity\"\/>\n\n\n\n<figure class=\"wp-block-embed is-type-video is-provider-youtube wp-block-embed-youtube wp-embed-aspect-16-9 wp-has-aspect-ratio\"><div class=\"wp-block-embed__wrapper\">\n<iframe loading=\"lazy\" title=\"Bienvenida ICBPDV\" width=\"900\" height=\"506\" src=\"https:\/\/www.youtube.com\/embed\/9c2PivHDl6k?start=4&#038;feature=oembed\" frameborder=\"0\" allow=\"accelerometer; autoplay; clipboard-write; encrypted-media; gyroscope; picture-in-picture; web-share\" referrerpolicy=\"strict-origin-when-cross-origin\" allowfullscreen><\/iframe>\n<\/div><\/figure>\n\n\n\n<p><\/p>\n","protected":false},"excerpt":{"rendered":"<p>\u00a1Mirad cu\u00e1n bueno y cu\u00e1n delicioso es habitar juntos los hermanos en armon\u00eda! Salmos 133:1<\/p>\n","protected":false},"author":2,"featured_media":0,"parent":0,"menu_order":0,"comment_status":"closed","ping_status":"closed","template":"fullwidth.php","meta":{"_monsterinsights_skip_tracking":false,"_monsterinsights_sitenote_active":false,"_monsterinsights_sitenote_note":"","_monsterinsights_sitenote_category":0,"footnotes":""},"class_list":["post-136","page","type-page","status-publish","hentry"],"_links":{"self":[{"href":"https:\/\/icbpalabradevida.org\/index.php?rest_route=\/wp\/v2\/pages\/136","targetHints":{"allow":["GET"]}}],"collection":[{"href":"https:\/\/icbpalabradevida.org\/index.php?rest_route=\/wp\/v2\/pages"}],"about":[{"href":"https:\/\/icbpalabradevida.org\/index.php?rest_route=\/wp\/v2\/types\/page"}],"author":[{"embeddable":true,"href":"https:\/\/icbpalabradevida.org\/index.php?rest_route=\/wp\/v2\/users\/2"}],"replies":[{"embeddable":true,"href":"https:\/\/icbpalabradevida.org\/index.php?rest_route=%2Fwp%2Fv2%2Fcomments&post=136"}],"version-history":[{"count":5,"href":"https:\/\/icbpalabradevida.org\/index.php?rest_route=\/wp\/v2\/pages\/136\/revisions"}],"predecessor-version":[{"id":525,"href":"https:\/\/icbpalabradevida.org\/index.php?rest_route=\/wp\/v2\/pages\/136\/revisions\/525"}],"wp:attachment":[{"href":"https:\/\/icbpalabradevida.org\/index.php?rest_route=%2Fwp%2Fv2%2Fmedia&parent=136"}],"curies":[{"name":"wp","href":"https:\/\/api.w.org\/{rel}","templated":true}]}}