{"id":65,"date":"2025-01-22T23:50:42","date_gmt":"2025-01-22T23:50:42","guid":{"rendered":"http:\/\/192.168.1.150:8080\/?page_id=65"},"modified":"2025-01-22T23:50:42","modified_gmt":"2025-01-22T23:50:42","slug":"doctrinas-biblicas","status":"publish","type":"page","link":"https:\/\/icbpalabradevida.org\/?page_id=65","title":{"rendered":"Doctrinas B\u00edblicas"},"content":{"rendered":"\n<p class=\"has-text-align-center has-large-font-size\"><strong>Doctrinas de Fe Bautistas<\/strong><\/p>\n\n\n\n<h2 class=\"wp-block-heading has-background\" style=\"background:linear-gradient(32deg,rgb(255,245,203) 0%,rgb(133,112,112) 41%,rgb(176,224,208) 49%,rgb(51,167,181) 100%)\">I. Las Sagaradas Escrituras<\/h2>\n\n\n\n<p>La Santa Biblia fue escrita por hombres divinamente inspirados y es registro de la Revelaci\u00f3n que Dios hace de s\u00ed mismo al hombre. Es un perfecto tesoro de instrucci\u00f3n divina. Su autor es Dios, su fin la salvaci\u00f3n del g\u00e9nero humano y su asunto es la verdad sin ninguna mezcla de error. Revela los principios por los cuales Dios nos juzga; y por lo tanto es y ser\u00e1 hasta el fin del mundo, el verdadero centro de uni\u00f3n cristiana y la norma suprema por la cual toda conducta humana, credos y opiniones religiosas deben ser juzgados. El criterio por el cual la Biblia ha de ser interpretada es Cristo Jes\u00fas. Contiene 66 libros \u00fanicamente.<\/p>\n\n\n\n<p>\u00c9xodo 24:4; Deuteronomio 4:1,2; 17:18,19; Josu\u00e9 1:7; 8:34; Salmo 19:7-10; 119:11,105,140; 2 Samuel 23:2; Proverbios 30:5; 6; Isa\u00edas 40:8; Jerem\u00edas 15:16; 36:1,2; Mateo 5:17,18; 22:29; Lucas 21:33; 24:44,46; Juan 5:39; 16:13-15; 17:17; 12:48; Hechos 1:16; 17:11; Romanos 2:16; 15:4; 16:25-27; 2 Timoteo 3: 15-17; Hebreos 1:1,2; 4:12; 1 Pedro 1:23-25; 2 Pedro 1:19-21; Apocalipsis 22:18,19.<\/p>\n\n\n\n<h2 class=\"wp-block-heading has-background\" style=\"background:linear-gradient(135deg,rgb(255,245,203) 0%,rgb(133,112,112) 52%,rgb(51,167,181) 100%)\">II. El Verdadero Dios<\/h2>\n\n\n\n<p>Hay un solo Dios viviente y verdadero. Es un ser personal, inteligente y espiritual, el Creador, Redentor, Conservador y Gobernante del Universo, Dios es infinito en Santidad y en todas las dem\u00e1s perfecciones. A \u00c9l debemos el amor m\u00e1s elevado, reverencia y obediencia. El Dios eterno se nos revela \u00c9l mismo como Padre, Hijo y Esp\u00edritu Santo, quienes siendo iguales en toda perfecci\u00f3n divina desempe\u00f1an oficios diferentes aunque un\u00edsonos en la obra de la redenci\u00f3n.&lt;&gt;<\/p>\n\n\n\n<ol class=\"wp-block-list\">\n<li><strong>Dios el Padre:<\/strong>Dios como Padre reina con cuidado providencial en su Universo, en sus creaturas y en la corriente de los r\u00edos de la historia humana seg\u00fan los prop\u00f3sitos de su gracia. \u00c9l es todopoderoso, todo amor, todo sabio. Dios es el verdadero Padre de todos aquellos que llegan a ser hijos de \u00c9l por medio de la fe en Cristo Jes\u00fas. El es paternal en su actitud para con todos los hombres que han sido salvos. G\u00e9nesis 1:1; 2:7; 15:11 y siguientes 5; Lev\u00edtico 22:2; Deuteronomio 6:4; 32:6; 1\u00ba Cr\u00f3nicas 29:10; Salmo 19:1-3; Isa\u00edas 43:3,15; 64:8; Jerem\u00edas 10:1-10; 17:13; Mateo 6:9 y siguientes; 7:11; 23:9; 28:19; Marcos 1:9-11; Juan 4:24; 8:14-16; 14:6-11; 1\u00aa Corintios 8:6; G\u00e1latas 4:6; Efesios 4:6; Colosenses 1:2, 12; 1\u00aa Timoteo 1:17; Hebreos 3:4; 11:6; 12:9; 1\u00aa Pedro 1:17; 1\u00aa Juan 5:7; Apocalipsis 4:8-11.<\/li>\n\n\n\n<li><strong>Dios el Hijo:<\/strong>Cristo es el Hijo Eterno de Dios. En su encarnaci\u00f3n como Jesucristo fue concebido del Esp\u00edritu Santo y nacido de la virgen Mar\u00eda sin padre humano; Jes\u00fas se revel\u00f3 y cumpli\u00f3 plenamente la voluntad de Dios tomando sobre s\u00ed mismo las necesidades y las demandas de la naturaleza humana e identific\u00e1ndose completamente con la humanidad; y sin embargo, no tiene pecado. \u00c9l honr\u00f3 la Ley divina con su obediencia personal y en su muerte en la cruz provey\u00f3 la redenci\u00f3n del hombre; \u00e9ste qued\u00f3 as\u00ed redimido del pecado. Fue levantado de entre los muertos con su cuerpo glorificado y apareci\u00f3 a sus disc\u00edpulos como la persona que hab\u00eda estado con ellos antes que fuera a la diestra del Dios Padre, donde es el \u00fanico Mediador y tiene la naturaleza de Dios y del hombre. \u00c9l volver\u00e1 con poder y gloria para juzgar al mundo y para consumar su misi\u00f3n redentora. El ahora mora en todos los creyentes como el Se\u00f1or viviente y omnipotente. G\u00e9nesis 18:1 y siguientes; Salmo 2:7 y siguientes; 110:1 y siguientes; Isa\u00edas 7:14, 53; Mateo 1:18-25; Marcos 1:1; 3:11; Lucas 1:35; 4:41; 24:46; Juan 1:1-18, 29; 10:30, 38; 11:25-27; 12:44-50; 14:7-11; 16:15, 26-28; 17:1-5, 21, 22; 20: 1-20, 28; Hechos 1:9; 2:22-24; 7:55,56; 9:4, 4, 20; Romanos 1:3,4; 3:23-26; 5:6-21; 8:1-3, 34; 10:1; 1\u00aa Corintios 5:18-21; G\u00e1latas 4:4, 5; Efesios 1:20; 3:11; 4:7-10; Filipenses 2:5-11; Colosenses 1:13-22; 2:9; 1\u00aa Tesalonicenses 4:14-18; 1\u00aa Timoteo 2:5-6; 3:16; Tito 2:13,14; Hebreos 1:1-3; 4:14,15; 7:14-28; 9:12-15, 23-28; 12:2; 1\u00aa Pedro 2:21-25; 3:22; 1\u00aa Juan 1:7-9; 3.2; 4:14; 5:9-12; Apocalipsis 1:13-18; 5:9-14; 12:10,11; 13:8; 19:16.<\/li>\n\n\n\n<li><strong>Dios el Esp\u00edritu Santo:<\/strong>\u00a0El Esp\u00edritu Santo es el Esp\u00edritu de Dios. \u00c9l inspir\u00f3 a los santos hombres de la antig\u00fcedad que escribieron las Escrituras. Mediante la iluminaci\u00f3n de \u00c9l capacita a los hombres para que entiendan la verdad; exalta a Cristo, convence de pecado, de justicia y de juicio; llama a los hombres para que acudan al Salvador y efect\u00faa la regeneraci\u00f3n, cultiva el car\u00e1cter cristiano, conforta a los creyentes y les otorga los dones espirituales con los cuales sirven a Dios por medio de su iglesia. \u00c9l sella al creyente hasta el d\u00eda de la redenci\u00f3n final. Su presencia en el cristiano da la seguridad de que Dios conducir\u00e1 al cristiano hasta que \u00e9ste adquiera la plenitud de la estatura de Cristo. \u00c9l ilumina y da poder al creyente y a la iglesia en la adoraci\u00f3n, la evangelizaci\u00f3n y el servicio. G\u00e9nesis 1:2; Jueces 14:6; Job 26:13; Salmo 51:11; 139:7 y siguientes; Isa\u00edas 61:1-11; Joel 2:28-32; Mateo 1:18; 3:16; 4:1; 12:28-32; 28:19; Marcos 1:10-13; Lucas 1:35; 4:1, 18, 19; 11:13; 24:49; Juan 4:24; 14:16, 17; 15:26; 16:7-15; Hechos 1:8; 2:1-4, 38; 4:31; 5:3; 6:3; 7:55; 8:17,39; 10:44; 13:2; 15:28; 16:6; 19:1-6; Romanos 8:9-11, 14, 16, 26, 27; 1\u00aa Corintios 2:10-14; 3:16; 12:3-11; G\u00e1latas 4:6; Efesios 1:13, 14; 4:30; 5:18; 1\u00aa Tesalonicenses 5:19; 1\u00aa Timoteo 3:16; 4:1; 2\u00aa Timoteo 1:14; 3:16; Hebreos 9:(-14; 2\u00aa Pedro 1:21; 1\u00aa Juan 4:13; 5:16; Apocalipsis 1:10; 22:17.<\/li>\n<\/ol>\n\n\n\n<h2 class=\"wp-block-heading has-background\" style=\"background:linear-gradient(135deg,rgb(255,245,203) 0%,rgb(133,112,112) 50%,rgb(51,167,181) 100%)\">III. El Hombre<\/h2>\n\n\n\n<p>Dios, por acci\u00f3n directa, cre\u00f3 al hombre a su propia imagen; por lo mismo est\u00e1 en la obra culminante de la creaci\u00f3n efectuada por Dios. En el principio el hombre era inocente de pecado y estaba investido de libre albedr\u00edo por su Creador. Por este libre albedr\u00edo el hombre pec\u00f3 en contra de Dios e introdujo el pecado en la raza humana. Mediante la tentaci\u00f3n de Satan\u00e1s, el hombre transgredi\u00f3 el mandamiento de Dios y perdi\u00f3 su inocencia original; por esto su posteridad hered\u00f3 una naturaleza y un ambiente con tendencias a pecar, y tan pronto como queda bajo posibilidad de convertirse en transgresora de la Ley divina y de sufrir la condenaci\u00f3n. Solamente la gracia de Dios puede hacer que el hombre vuelva a estar en santa comuni\u00f3n con Dios. El car\u00e1cter sagrado de la personalidad humana es evidente; porque Dios cre\u00f3 al hombre a su propia imagen y porque Cristo muri\u00f3 por el hombre; por lo tanto, cada hombre posee dignidad y merece respeto y amor cristiano. G\u00e9nesis 1:26-30; 2:5, 7, 18-22; 9:6; Salmo 1:1; 8:3-6; 32:1-5; 51:5; Isa\u00edas 6:5; Jerem\u00edas 17:5; Mateo 16:26; Hechos 17:26-31; Romanos 1:19-32; 3:10-18, 23; 5:6, 12, 19; 6:6; 7:14-25; 8: 14-18, 29; 1\u00aa Corintios 1:21-31; 15:19, 21, 22; Efesios 2:1-22; 3:1-11.<\/p>\n\n\n\n<h2 class=\"wp-block-heading has-background\" style=\"background:linear-gradient(135deg,rgb(255,245,203) 0%,rgb(133,112,112) 50%,rgb(51,167,181) 100%)\">IV. La Salvaci\u00f3n es por Gracia<\/h2>\n\n\n\n<p><strong>Creemos que la salvaci\u00f3n de los pecadores:<\/strong><\/p>\n\n\n\n<ul class=\"wp-block-list\">\n<li>Es gratuita para todos por medio de la fe en Cristo. Efesios 2:5-8; Romanos 3:24, 26; 5:1; Isa\u00edas 55:1.<\/li>\n\n\n\n<li>No depende de obras buenas que el hombre pueda hacer. Tito 3:5; Efesios 2:9,10; G\u00e1latas 2:16.<\/li>\n\n\n\n<li>El \u00fanico obst\u00e1culo para su salvaci\u00f3n, es la depravaci\u00f3n inherente y rechazamiento voluntario de Cristo como el \u00fanico Salvador. Juan 3:19; 5:40; Romanos 9:32; 1:28,29.<\/li>\n\n\n\n<li>Rechazamiento que le acarrea condenaci\u00f3n eterna. Juan 3:18, 36; Romanos 5:12; 6:23.<\/li>\n<\/ul>\n\n\n\n<h2 class=\"wp-block-heading has-background\" style=\"background:linear-gradient(135deg,rgb(255,245,203) 0%,rgb(133,112,112) 50%,rgb(51,167,181) 100%)\">V. Regeneraci\u00f3n<\/h2>\n\n\n\n<p><strong>Creemos que la regeneraci\u00f3n:<\/strong><\/p>\n\n\n\n<ol class=\"wp-block-list\">\n<li>Consiste en impartir un cambio de coraz\u00f3n y mente. Juan 3:3, 6; 1:12,13; Santiago 1:18.<\/li>\n\n\n\n<li>Es el nuevo nacimiento en el coraz\u00f3n del hombre. Romanos 2:28, 29; Ezequiel 36:26; Deuteronomio 30:6; 1\u00aa Corintios 2:12, 14.<\/li>\n\n\n\n<li>Se efect\u00faa por el poder del Esp\u00edritu Santo y en conexi\u00f3n con la verdad divina. Juan 3:8; 1:13; Santiago 1:18; Efesios 1:13.<\/li>\n\n\n\n<li>Produce el deseo de voluntariamente obedecer al evangelio. Efesios 5:10; Romanos 12:2; Efesios 5:17.<\/li>\n\n\n\n<li>Su evidencia se manifiesta en los santos frutos que produce el creyente, la fe y la novedad de vida. Efesios 5:8,9; Mateo 7:20; 1\u00aa Juan 5:4; Romanos 6:8.<\/li>\n<\/ol>\n\n\n\n<h2 class=\"wp-block-heading has-background\" style=\"background:linear-gradient(135deg,rgb(255,245,203) 0%,rgb(133,112,112) 50%,rgb(51,167,181) 100%)\">VI. El arrepentimiento y la Fe<\/h2>\n\n\n\n<p><strong>Creemos que el arrepentimiento y la fe:<\/strong><\/p>\n\n\n\n<ol class=\"wp-block-list\">\n<li>Son requisitos indispensables para la salvaci\u00f3n. Lucas 13:3,5; Marcos 1:15; Efesios 2:8; Juan 3:16,18, 36<\/li>\n\n\n\n<li>Que el arrepentimiento es hacia Dios y la fe hacia Cristo Jes\u00fas y que est\u00e1n \u00edntimamente relacionados. Hechos 20:20,21; Mateo 21:32; Hebreos 6:1.<\/li>\n\n\n\n<li>Que son la obra del Esp\u00edritu Santo en el coraz\u00f3n. Ezequiel 18:31, 32; Juan 16:8,9; Efesios 4:21-24.<\/li>\n\n\n\n<li>Que por medio de ellos el pecador convicto, sinceramente contrito, vuelve a Dios y reconoce a Cristo como su Salvador personal, Mediador \u00danico y Rey. Isa\u00edas 55:7; Hechos 16:30, 31; Romanos 10:9-11; G\u00e1latas 2:16.<\/li>\n<\/ol>\n\n\n\n<h2 class=\"wp-block-heading has-background\" style=\"background:linear-gradient(135deg,rgb(255,245,203) 0%,rgb(133,112,112) 50%,rgb(51,167,181) 100%)\">VII. La Justificaci\u00f3n<\/h2>\n\n\n\n<p><strong>Creemos que la justificaci\u00f3n es:<\/strong><\/p>\n\n\n\n<ol class=\"wp-block-list\">\n<li>El gran bien que Cristo asegura a los que son salvos. Juan 1:16; Hechos 13:38,39; Romanos 5:1,18; G\u00e1latas 2:16.<\/li>\n\n\n\n<li>Recordatorio del perd\u00f3n del pecado, atribuy\u00e9ndoles Dios la justicia de Cristo. Romanos 3:24,25; 4:5-8; Tito 3:5-7.<\/li>\n\n\n\n<li>Introducirnos a un estado altamente bienaventurado de paz y favor con Dios, haciendo nuestros desde ahora y para siempre todos los dem\u00e1s bienes que fueren necesarios. Hechos 10:42,43; Romanos 4:23-25; 5:8-10.<\/li>\n<\/ol>\n\n\n\n<h2 class=\"wp-block-heading has-background\" style=\"background:linear-gradient(135deg,rgb(255,245,203) 0%,rgb(133,112,112) 50%,rgb(51,167,181) 100%)\">VIII. El Prop\u00f3sito de la Gracia Divina<\/h2>\n\n\n\n<p><strong>Creemos que elecci\u00f3n es:<\/strong><\/p>\n\n\n\n<ol class=\"wp-block-list\">\n<li>El prop\u00f3sito de Dios conforme al cual gratuitamente regenera, santifica y salva a los pecadores. 2\u00aa Tesalonicenses 2:13,14; 1\u00aa Pedro 1:2; 2:9; Juan 15:16.<\/li>\n\n\n\n<li>Que estando en perfecta armon\u00eda con el libre albedr\u00edo del hombre, comprende todos los medios relacionados con el fin. Efesios 1:3-6, 11; 2\u00aa Timoteo 1; Romanos 8:29,30.<\/li>\n\n\n\n<li>Que es \u00e9sta la m\u00e1s gloriosa demostraci\u00f3n de la soberana bondad de Dios. Romanos 2:4; 9:24; Efesios 1:7-9.<\/li>\n\n\n\n<li>Siendo infinitamente gratuita, sabia, santa e inmutable; que excluye eternamente toda jactancia y promueve la humildad, amor, oraci\u00f3n, alabanza y confianza en Dios, e imitaci\u00f3n activa de su gratuita misericordia que en su certeza se manifiesta por sus efectos en todos aquellos que verdaderamente creen al evangelio. Romanos 3:27; 1\u00aa Corintios 1:30,31; 4:7; Efesios 2:8,9.<\/li>\n\n\n\n<li>Que es la base de la seguridad cristiana y que para estar ciertos de dicha elecci\u00f3n con respecto a nosotros, requiere y merece la m\u00e1s acendrada diligencia. Romanos 8:28-39; Filipenses 3:12-14; 1:6; 2:12,13.<\/li>\n<\/ol>\n\n\n\n<h2 class=\"wp-block-heading has-background\" style=\"background:linear-gradient(135deg,rgb(255,245,203) 0%,rgb(133,112,112) 50%,rgb(51,167,181) 100%)\">IX. La Santificaci\u00f3n<\/h2>\n\n\n\n<p><strong>Creemos que la santificaci\u00f3n es:<\/strong><\/p>\n\n\n\n<ol class=\"wp-block-list\">\n<li>El proceso por el cual conforme a la voluntad de Dios, somos hechos participantes de su santidad. 1\u00aa Tesalonicenses 4:3-7; 5:23; 2\u00aa Corintios 7:1.<\/li>\n\n\n\n<li>Que es obra progresiva. Proverbios 4:18; Filipenses 1:6; 2\u00aa Pedro 3:18.<\/li>\n\n\n\n<li>Cuyo principio est\u00e1 en la regeneraci\u00f3n. Romanos 6:4; Efesios 4:30.<\/li>\n\n\n\n<li>Que se efect\u00faa en el coraz\u00f3n de los creyentes por el poder y la presencia del Esp\u00edritu Santo. Sello y Consolador en el ejercicio continuo de los medios establecidos, particularmente la Palabra de Dios, el examen personal, abnegaci\u00f3n, vigilancia, oraci\u00f3n y cumplimiento de todo deber piadoso. Juan 14:16, 17-19; Efesios 4:30.<\/li>\n\n\n\n<li>Llegando a la perfecci\u00f3n con la purificaci\u00f3n de los cuerpos en la Segunda Venida de Cristo. Efesios 1:13,14; Romanos 8:23; 1\u00aa Corintios 15:51-54.<\/li>\n<\/ol>\n\n\n\n<h2 class=\"wp-block-heading has-background\" style=\"background:linear-gradient(135deg,rgb(255,245,203) 0%,rgb(133,112,112) 50%,rgb(51,167,181) 100%)\">X. La Perseverancia de los Santos<\/h2>\n\n\n\n<p>Todos los verdaderos creyentes perseveran hasta el fin. Aquellos a quienes el Se\u00f1or ha aceptado en Cristo y ha santificado por su Esp\u00edritu Santo, jam\u00e1s caer\u00e1n del estado de gracia sino que perseverar\u00e1n hasta el fin. Los creyentes pueden caer en pecado por negligencia y tentaci\u00f3n, por lo cual contristan al Esp\u00edritu, menoscaban sus virtudes y su bienestar espiritual, hacen que haya reproches para la causa de Cristo y juicios temporalmente adversos a ellos; sin embargo, ellos ser\u00e1n guardados por el poder de Dios, mediante la fe que produce salvaci\u00f3n.<\/p>\n\n\n\n<p>G\u00e9nesis 12:1-3; \u00c9xodo 19:5-8; 1\u00ba Samuel 8:4-7, 19, 32; Isa\u00edas 5:14; Jerem\u00edas 31:31 y siguientes; Mateo 16:18, 19; 21:28-45; 24:22, 31; 25:34; Lucas 1:68-79; 2:29-32; 10:27, 28; 15:16; 17:6, 12, 17, 18, Hechos 20:32; Romanos 5:9, 10; 8:28-39; 10:12-15; 11:5-7, 26-36; 1\u00aa Corintios 1:2; 15:54-58; Efesios 1:4-23; 2:1-10; 3:1-11; Colosenses 1:12-14; 2\u00aa Tesalonicenses 2:13, 14; 2\u00aa Timoteo 1:12; 2:10, 19; Hebreos 11:39- 12:2; 1\u00aa Pedro 1:2-5, 13; 2:4-10; 1\u00aa Juan 1:7-9; 2:19; 3:2.<\/p>\n\n\n\n<h2 class=\"wp-block-heading has-background\" style=\"background:linear-gradient(135deg,rgb(255,245,203) 0%,rgb(133,112,112) 50%,rgb(51,167,181) 100%)\">XI. La Ley y el Evangelio<\/h2>\n\n\n\n<p><strong>Creemos que ense\u00f1an las escrituras que:<\/strong><\/p>\n\n\n\n<ol class=\"wp-block-list\">\n<li>La ley de Dios es la norma Eterna e invariable de su gobierno moral. Romanos 3:31; Mateo 5:17; Romanos 3:20, 21.<\/li>\n\n\n\n<li>Que es Santa, Justa y Buena. Romanos 7:12; 7:7, 14; Salmo 119<\/li>\n\n\n\n<li>Que la \u00fanica causa de la incapacidad de cumplir los preceptos de ella, que atribuyen las Escrituras al hombre ca\u00eddo es la naturaleza pecaminosa de \u00e9ste. Romanos 8:7, 8; 7; 16-23; 8:6-8.<\/li>\n\n\n\n<li>Libertarnos de la cual, y restituirnos mediante intercesor a la obediencia de la Santa Ley, es un objeto de los principios propuestos en el evangelio y tambi\u00e9n de los medios de gracia relacionados con el establecimiento de la iglesia. Romanos 8:2-4; 1\u00aa Timoteo 1:15; Juan 14:16, 17, 26, 27.<\/li>\n<\/ol>\n\n\n\n<h2 class=\"wp-block-heading has-background\" style=\"background:linear-gradient(135deg,rgb(255,245,203) 0%,rgb(133,112,112) 52%,rgb(51,167,181) 100%)\">XII. La Iglesia Verdadera<\/h2>\n\n\n\n<p><strong>Creemos que una iglesia verdadera de Cristo es:<\/strong><\/p>\n\n\n\n<ol class=\"wp-block-list\">\n<li>Una congregaci\u00f3n de creyentes en \u00c9l, bautizados despu\u00e9s de una profesi\u00f3n de fe. Hechos 2:41, 42; Apocalipsis 1:4; 22:16.<\/li>\n\n\n\n<li>Unidos en las doctrinas del Evangelio, comprometidos en mantener las ordenanzas conforme a las Escrituras. Hechos 14: 22, 23; Efesios 4:5, 13; Hechos 20: 6, 7.<\/li>\n\n\n\n<li>Reconociendo a Cristo como la \u00fanica cabeza, tomando la Biblia como su \u00fanica regla de fe y pr\u00e1ctica. Mateo 28:20; Colosenses 1:18, 19; 2: 8-10; 1\u00aa Corintios 11:23, 24.<\/li>\n\n\n\n<li>Cuyos oficiales b\u00edblicos son pastor u obispo y di\u00e1conos. Filipenses 1:1; Hechos 6:3- 6; 14:23.<\/li>\n<\/ol>\n\n\n\n<h2 class=\"wp-block-heading has-background\" style=\"background:linear-gradient(135deg,rgb(255,245,203) 0%,rgb(133,112,112) 52%,rgb(51,167,181) 100%)\">XIII. El Bautismo Cristiano<\/h2>\n\n\n\n<p><strong>Creemos que el bautismo:<\/strong><\/p>\n\n\n\n<ol class=\"wp-block-list\">\n<li>Es la inmersi\u00f3n en agua del creyente en Cristo, ejecutado por un administrador id\u00f3neo. Mateo 3:13- 17; Hechos 8:36-39; 19:3-5<\/li>\n\n\n\n<li>Efectuado en el nombre del Padre, del Hijo y del Esp\u00edritu Santo, porque tal es el mandato. Mateo 28: 19; Hechos 10:47, 48; 2:38, 39.<\/li>\n\n\n\n<li>Que es s\u00edmbolo de la sepultura y resurrecci\u00f3n de Cristo y de la del creyente. Romanos 6:3-5; Colosenses 2:12; 2\u00aa Corintios 5:17.<\/li>\n\n\n\n<li>Que es un requisito para gozar de los privilegios de la iglesia. Romanos 6:4.<\/li>\n<\/ol>\n\n\n\n<h2 class=\"wp-block-heading has-background\" style=\"background:linear-gradient(135deg,rgb(255,245,203) 0%,rgb(133,112,112) 50%,rgb(51,167,181) 100%)\">XIV. La Cena del Se\u00f1or<\/h2>\n\n\n\n<p><strong>Creemos que la Cena del Se\u00f1or es la segunda ordenanza y:<\/strong><\/p>\n\n\n\n<ol class=\"wp-block-list\">\n<li>Que consiste en dos elementos que son pan sin levadura y vino fruto de la vid, los que representan respectivamente el cuerpo y la sangre de Cristo. Mateo 26:26-30; 1\u00aa Corintios 11:26; Lucas 22:19, 20.<\/li>\n\n\n\n<li>Que los participantes deben ser creyentes bautizados que tengan la misma doctrina y que se celebra en la reuni\u00f3n de la iglesia. Hechos 2:41, 42; 1\u00aa Corintios 11:18, 26; Hechos 20:7.<\/li>\n\n\n\n<li>Que la cena conmemora el sufrimiento y la muerte de Cristo. 1\u00aa Corintios 11:23, 26.<\/li>\n<\/ol>\n\n\n\n<h2 class=\"wp-block-heading has-background\" style=\"background:linear-gradient(135deg,rgb(255,245,203) 0%,rgb(133,112,112) 50%,rgb(51,167,181) 100%)\">XV. El d\u00eda del Se\u00f1or<\/h2>\n\n\n\n<p><strong>Creemos que:<\/strong><\/p>\n\n\n\n<ol class=\"wp-block-list\">\n<li>El primer d\u00eda de la semana es el reposo del cristianismo. Juan 20:1, 19, 26; Hechos 20:7; 1\u00aa Corintios 16:1, 2.<\/li>\n\n\n\n<li>Que este d\u00eda ha de consagrarse a los fines religiosos. \u00c9xodo 20:8; Hebreos 10:24, 25; Hechos 20:7.<\/li>\n\n\n\n<li>Absteni\u00e9ndose el cristiano de todo trabajo secular que no sea obra de misericordia o de absoluta necesidad. Isa\u00edas 56.13, 14; Mateo 12: 8-12; Lucas 14: 3-6.<\/li>\n\n\n\n<li>Prepar\u00e1ndose para el descanso que le queda al pueblo de Dios. Hebreos 4:7-11; Hechos 13:44; \u00c9xodo 20:10.<\/li>\n<\/ol>\n\n\n\n<h2 class=\"wp-block-heading has-background\" style=\"background:linear-gradient(135deg,rgb(255,245,203) 0%,rgb(133,112,112) 50%,rgb(51,167,181) 100%)\">XVI. El Gobierno Civil<\/h2>\n\n\n\n<p><strong>Creemos que:<\/strong><\/p>\n\n\n\n<ol class=\"wp-block-list\">\n<li>El gobierno civil existe por disposici\u00f3n divina para los intereses y el buen orden de la sociedad humana. Romanos 13: 1-7; Mateo 17: 24-27; Juan 19:11.<\/li>\n\n\n\n<li>Y que por los magistrados debemos orar, honr\u00e1ndolos, en consciencia y obedeci\u00e9ndoles. Mateo 22:21; Tito 3:1; 1\u00aa Pedro 2:13-17.<\/li>\n\n\n\n<li>Excepto en aquellas cosas que sean opuestas a la voluntad del Se\u00f1or, \u00fanico due\u00f1o de la consciencia y Pr\u00edncipe de los reyes de la tierra. Hechos 4:18-20; 5:29; Apocalipsis 17:14.<\/li>\n\n\n\n<li>Que debe haber independencia de acci\u00f3n entre el Estado y la Iglesia, siendo cada cual \u00fatil e importante en su lugar. Efesios 1:21, 22; 1\u00aa Timoteo 2:1-5.<\/li>\n<\/ol>\n\n\n\n<h2 class=\"wp-block-heading has-background\" style=\"background:linear-gradient(135deg,rgb(255,245,203) 0%,rgb(133,112,112) 50%,rgb(51,167,181) 100%)\">XVII. La Segunda Venida de Cristo<\/h2>\n\n\n\n<p><strong>Creemos que:<\/strong><\/p>\n\n\n\n<ol class=\"wp-block-list\">\n<li>Cristo vendr\u00e1 otra vez en forma personal y visible. Juan 14: 2, 3; Hechos 1:11; Mateo 24:30; Apocalipsis 22:12.<\/li>\n\n\n\n<li>Como ladr\u00f3n en la noche, porque no sabemos el d\u00eda ni la hora. Mateo 24:36, 39, 42, 44; 25:13.<\/li>\n\n\n\n<li>Y que vendr\u00e1 como juez porque el d\u00eda de la salvaci\u00f3n ha llegado. 2\u00aa Tesalonicenses 1:6-10; Judas 1:14, 15; Apocalipsis 22:12.<\/li>\n<\/ol>\n\n\n\n<h2 class=\"wp-block-heading has-background\" style=\"background:linear-gradient(135deg,rgb(255,245,203) 0%,rgb(133,112,112) 51%,rgb(51,167,181) 100%)\">XVIII. El Juicio Final<\/h2>\n\n\n\n<p><strong>Creemos que:<\/strong><\/p>\n\n\n\n<ol class=\"wp-block-list\">\n<li>Cuando venga Cristo al mundo otra vez se verificar\u00e1 el juicio, el que tiene por objeto premiar al hombre seg\u00fan sus obras. Mateo 16:27; 1\u00aa Corintios 3:14; Apocalipsis 2:12, 13; 22:12<\/li>\n\n\n\n<li>Hacer manifiesto su car\u00e1cter verdadero y hacer separaci\u00f3n entre los redimidos y los perdidos. Mateo 25: 31-34; 13:41-43; Judas 1:15.<\/li>\n\n\n\n<li>Que todos estar\u00e1n presentes en el juicio. Mateo 25: 31, 32; 2\u00aa Corintios 5:10; Romanos 14:10.<\/li>\n\n\n\n<li>De este juicio cada quien ir\u00e1 a su respectivo lugar. 2\u00aa Tesalonicenses 1:6-10; Apocalipsis 14:9-11; 20:13-15.<\/li>\n<\/ol>\n\n\n\n<h2 class=\"wp-block-heading has-background\" style=\"background:linear-gradient(135deg,rgb(255,245,203) 0%,rgb(133,112,112) 51%,rgb(51,167,181) 100%)\">XIX. El Cielo y el Infierno<\/h2>\n\n\n\n<p><strong>Creemos que hay dos lugares en que los hombres habr\u00e1n de morar despu\u00e9s de esta vida:<\/strong><\/p>\n\n\n\n<ol class=\"wp-block-list\">\n<li>Los redimidos vivir\u00e1n con Cristo en el cielo. Juan 14:1-6; Mateo 25:34; Apocalipsis 7:9-15; 21:1-7.<\/li>\n\n\n\n<li>Y los perdidos existir\u00e1n en el infierno con el diablo y sus \u00e1ngeles. Mateo 25:41, 46; Lucas 16:22-24; Apocalipsis 14:10, 11; 20:10; Filipenses 1:20-23.<\/li>\n\n\n\n<li>Tal existencia, sea en el cielo o en el infierno, ser\u00e1 eterna. Isa\u00edas 33:14, 16; Daniel 12:2; Mateo 18:8; 25:46.<\/li>\n<\/ol>\n\n\n\n<h2 class=\"wp-block-heading has-background\" style=\"background:linear-gradient(135deg,rgb(255,245,203) 0%,rgb(133,112,112) 50%,rgb(51,167,181) 100%)\">XX. Mayordom\u00eda<\/h2>\n\n\n\n<p>Creemos que Dios es la fuente de todas las bendiciones materiales y espirituales; todo lo que tenemos se lo debemos a \u00c9l. Los cristianos tienen una deuda espiritual con el mundo entero, un dep\u00f3sito santo en el Evangelio, y una impelente mayordom\u00eda de sus posesiones. Por tanto est\u00e1n bajo la obligaci\u00f3n de servir a Dios con su tiempo, con sus talentos, y sus posesiones materiales; deben reconocer que todo esto les ha sido confiado a fin de usarlo para la honra y gloria de Dios y para ayudar a otros. De acuerdo con las Escrituras, los cristianos, deben contribuir regular y sistem\u00e1ticamente , de manera proporcional y liberal para el extendimiento de la causa del Redentor en la tierra.<\/p>\n\n\n\n<p>G\u00e9nesis 14:20; Lev\u00edtico 27: 30-32; Deuteronomio 8:18; Malaqu\u00edas 3:8-12; Mateo 6:1-4; 19:21; 23:23; 25:14-29; Lucas 12:16-21, 42; 16:1-13; Hechos 2:44-47; 5:1-11; 17: 24-25; 20:35; Romanos 6:6-22; 12:1-2; 1\u00aa Corintios 4:1, 2; 6:19, 20; 16:1-4; 2\u00aa Corintios 8:9; 12:16; Filipenses 4:10-19; 1\u00aa Pedro 1:18,19.<\/p>\n","protected":false},"excerpt":{"rendered":"<p>Doctrinas de Fe Bautistas<\/p>\n<p>I. Las Sagaradas Escrituras<\/p>\n<p>La Santa Biblia fue escrita por hombres divinamente inspirados y es registro de la Revelaci\u00f3n que Dios hace de s\u00ed mismo al hombre. Es &#8230;<\/p>\n","protected":false},"author":2,"featured_media":0,"parent":0,"menu_order":0,"comment_status":"closed","ping_status":"closed","template":"fullwidth.php","meta":{"_monsterinsights_skip_tracking":false,"_monsterinsights_sitenote_active":false,"_monsterinsights_sitenote_note":"","_monsterinsights_sitenote_category":0,"footnotes":""},"class_list":["post-65","page","type-page","status-publish","hentry"],"_links":{"self":[{"href":"https:\/\/icbpalabradevida.org\/index.php?rest_route=\/wp\/v2\/pages\/65","targetHints":{"allow":["GET"]}}],"collection":[{"href":"https:\/\/icbpalabradevida.org\/index.php?rest_route=\/wp\/v2\/pages"}],"about":[{"href":"https:\/\/icbpalabradevida.org\/index.php?rest_route=\/wp\/v2\/types\/page"}],"author":[{"embeddable":true,"href":"https:\/\/icbpalabradevida.org\/index.php?rest_route=\/wp\/v2\/users\/2"}],"replies":[{"embeddable":true,"href":"https:\/\/icbpalabradevida.org\/index.php?rest_route=%2Fwp%2Fv2%2Fcomments&post=65"}],"version-history":[{"count":0,"href":"https:\/\/icbpalabradevida.org\/index.php?rest_route=\/wp\/v2\/pages\/65\/revisions"}],"wp:attachment":[{"href":"https:\/\/icbpalabradevida.org\/index.php?rest_route=%2Fwp%2Fv2%2Fmedia&parent=65"}],"curies":[{"name":"wp","href":"https:\/\/api.w.org\/{rel}","templated":true}]}}