{"id":78,"date":"2025-01-22T20:10:10","date_gmt":"2025-01-22T20:10:10","guid":{"rendered":"http:\/\/192.168.1.150:8080\/?page_id=78"},"modified":"2026-02-28T14:01:44","modified_gmt":"2026-02-28T20:01:44","slug":"bienvenida","status":"publish","type":"page","link":"https:\/\/icbpalabradevida.org\/","title":{"rendered":"<span class=\"dashicons dashicons-admin-home\"><\/span> Inicio"},"content":{"rendered":"\n<p><div>\n\t\t<!-- MasterSlider -->\n\t\t<div id=\"P_MS69f1463aa1ee4\" class=\"master-slider-parent msl ms-parent-id-1\" style=\"max-width:1000px;\">\n\n\t\t\t\n\t\t\t<!-- MasterSlider Main -->\n\t\t\t<div id=\"MS69f1463aa1ee4\" class=\"master-slider ms-skin-default\" >\n\t\t\t\t \t\t\t\t \n\t\t\t\t<div  class=\"ms-slide\" data-delay=\"3\" data-fill-mode=\"fill\"  >\n\t\t\t\t\t<img decoding=\"async\" src=\"https:\/\/icbpalabradevida.org\/wp-content\/plugins\/master-slider\/public\/assets\/css\/blank.gif\" alt=\"\" title=\"\" data-src=\"https:\/\/icbpalabradevida.org\/wp-content\/uploads\/2026\/02\/WhatsApp-Image-2026-02-12-at-8.09.22-PM.jpeg\" \/>\n\n\n\t<div class=\"ms-thumb\" ><div class=\"ms-tab-context\"><div class=&quot;ms-tab-context&quot;><\/div><\/div>\n<\/div>\n\t\t\t\t<\/div>\n\t\t\t\t<div  class=\"ms-slide\" data-delay=\"3\" data-fill-mode=\"fill\"  >\n\t\t\t\t\t<img decoding=\"async\" src=\"https:\/\/icbpalabradevida.org\/wp-content\/plugins\/master-slider\/public\/assets\/css\/blank.gif\" alt=\"\" title=\"\" data-src=\"https:\/\/icbpalabradevida.org\/wp-content\/uploads\/2026\/02\/WhatsApp-Image-2026-02-16-at-9.30.23-PM.jpeg\" \/>\n\n\n\t<div class=\"ms-thumb\" ><div class=\"ms-tab-context\"><div class=&quot;ms-tab-context&quot;><\/div><\/div>\n<\/div>\n\t\t\t\t<\/div>\n\t\t\t\t<div  class=\"ms-slide\" data-delay=\"3\" data-fill-mode=\"fill\"  >\n\t\t\t\t\t<img decoding=\"async\" src=\"https:\/\/icbpalabradevida.org\/wp-content\/plugins\/master-slider\/public\/assets\/css\/blank.gif\" alt=\"\" title=\"\" data-src=\"https:\/\/icbpalabradevida.org\/wp-content\/uploads\/2026\/04\/WhatsApp-Image-2026-04-22-at-4.23.55-PM.jpeg\" \/>\n\n\n\t<div class=\"ms-thumb\" ><div class=\"ms-tab-context\"><div class=&quot;ms-tab-context&quot;><\/div><\/div>\n<\/div>\n\t\t\t\t<\/div>\n\t\t\t\t<div  class=\"ms-slide\" data-delay=\"3\" data-fill-mode=\"fill\"  >\n\t\t\t\t\t<img decoding=\"async\" src=\"https:\/\/icbpalabradevida.org\/wp-content\/plugins\/master-slider\/public\/assets\/css\/blank.gif\" alt=\"\" title=\"\" data-src=\"https:\/\/icbpalabradevida.org\/wp-content\/uploads\/2026\/04\/WhatsApp-Image-2026-04-22-at-3.55.14-PM.jpeg\" \/>\n\n\n\t<div class=\"ms-thumb\" ><div class=\"ms-tab-context\"><div class=&quot;ms-tab-context&quot;><\/div><\/div>\n<\/div>\n\t\t\t\t<\/div>\n\t\t\t\t<div  class=\"ms-slide\" data-delay=\"3\" data-fill-mode=\"fill\"  >\n\t\t\t\t\t<img decoding=\"async\" src=\"https:\/\/icbpalabradevida.org\/wp-content\/plugins\/master-slider\/public\/assets\/css\/blank.gif\" alt=\"\" title=\"\" data-src=\"https:\/\/icbpalabradevida.org\/wp-content\/uploads\/2026\/02\/WhatsApp-Image-2026-02-28-at-1.04.04-PM.jpeg\" \/>\n\n\n\t<div class=\"ms-thumb\" ><div class=\"ms-tab-context\"><div class=&quot;ms-tab-context&quot;><\/div><\/div>\n<\/div>\n\t\t\t\t<\/div>\n\n\t\t\t<\/div>\n\t\t\t<!-- END MasterSlider Main -->\n\n\t\t\t \n\t\t<\/div>\n\t\t<!-- END MasterSlider -->\n\n\t\t<script>\n\t\t(function ( $ ) {\n\t\t\t\"use strict\";\n\n\t\t\t$(function () {\n\t\t\t\tvar masterslider_1ee4 = new MasterSlider();\n\n\t\t\t\t\/\/ slider controls\n\n\t\t\t\t\/\/ slider setup\n\t\t\t\tmasterslider_1ee4.setup(\"MS69f1463aa1ee4\", {\n\t\t\t\t\t\twidth           : 1000,\n\t\t\t\t\t\theight          : 610,\n\t\t\t\t\t\tminHeight       : 0,\n\t\t\t\t\t\tspace           : 0,\n\t\t\t\t\t\tstart           : 1,\n\t\t\t\t\t\tgrabCursor      : true,\n\t\t\t\t\t\tswipe           : true,\n\t\t\t\t\t\tmouse           : true,\n\t\t\t\t\t\tlayout          : \"boxed\",\n\t\t\t\t\t\twheel           : false,\n\t\t\t\t\t\tautoplay        : true,\n\t\t\t\t\t\tinstantStartLayers:false,\n\t\t\t\t\t\tloop            : false,\n\t\t\t\t\t\tshuffle         : false,\n\t\t\t\t\t\tpreload         : 0,\n\t\t\t\t\t\theightLimit     : true,\n\t\t\t\t\t\tautoHeight      : false,\n\t\t\t\t\t\tsmoothHeight    : true,\n\t\t\t\t\t\tendPause        : false,\n\t\t\t\t\t\toverPause       : true,\n\t\t\t\t\t\tfillMode        : \"fill\",\n\t\t\t\t\t\tcenterControls  : true,\n\t\t\t\t\t\tstartOnAppear   : false,\n\t\t\t\t\t\tlayersMode      : \"center\",\n\t\t\t\t\t\thideLayers      : false,\n\t\t\t\t\t\tfullscreenMargin: 0,\n\t\t\t\t\t\tspeed           : 20,\n\t\t\t\t\t\tdir             : \"h\",\n\t\t\t\t\t\tparallaxMode    : 'swipe',\n\t\t\t\t\t\tview            : \"basic\"\n\t\t\t\t});\n\n\t\t\t\t\n\t\t\t\twindow.masterslider_instances = window.masterslider_instances || [];\n\t\t\t\twindow.masterslider_instances.push( masterslider_1ee4 );\n\t\t\t });\n\n\t\t})(jQuery);\n\t\t<\/script>\n\n<\/div><\/p>\n\n\n\n<p><\/p>\n\n\n\n<p><\/p>\n\n\n\n<figure class=\"wp-block-image size-large\"><img loading=\"lazy\" decoding=\"async\" width=\"1024\" height=\"787\" src=\"https:\/\/icbpalabradevida.org\/wp-content\/uploads\/2026\/02\/WhatsApp-Image-2026-02-28-at-1.18.18-PM-1024x787.jpeg\" alt=\"\" class=\"wp-image-511\" srcset=\"https:\/\/icbpalabradevida.org\/wp-content\/uploads\/2026\/02\/WhatsApp-Image-2026-02-28-at-1.18.18-PM-1024x787.jpeg 1024w, https:\/\/icbpalabradevida.org\/wp-content\/uploads\/2026\/02\/WhatsApp-Image-2026-02-28-at-1.18.18-PM-300x231.jpeg 300w, https:\/\/icbpalabradevida.org\/wp-content\/uploads\/2026\/02\/WhatsApp-Image-2026-02-28-at-1.18.18-PM-768x590.jpeg 768w, https:\/\/icbpalabradevida.org\/wp-content\/uploads\/2026\/02\/WhatsApp-Image-2026-02-28-at-1.18.18-PM-1536x1181.jpeg 1536w, https:\/\/icbpalabradevida.org\/wp-content\/uploads\/2026\/02\/WhatsApp-Image-2026-02-28-at-1.18.18-PM.jpeg 1600w\" sizes=\"auto, (max-width: 1024px) 100vw, 1024px\" \/><\/figure>\n\n\n\n<p>                               13.\u00ba Aniversario Iglesia Cristiana Bautista Palabra de Vida  2026<\/p>\n\n\n\n\n\n<p class=\"has-white-color has-text-color has-background has-link-color has-medium-font-size wp-elements-2c6328a177fa065f55dea502e1b8ddb0\" style=\"background:linear-gradient(135deg,rgb(255,245,203) 0%,rgb(28,30,29) 50%,rgb(51,167,181) 100%)\"><strong>Misi\u00f3n<\/strong><\/p>\n\n\n\n<div class=\"wp-block-group\"><div class=\"wp-block-group__inner-container is-layout-constrained wp-block-group-is-layout-constrained\">\n<details class=\"wp-block-details is-layout-flow wp-block-details-is-layout-flow\"><summary>     Existimos para anunciar la salvaci\u00f3n de Jes\u00fas impulsando la formaci\u00f3n de vidas que tengan una relaci\u00f3n y un prop\u00f3sito en Dios.<br>Mateo 22:37-40 y 28:19-20<\/summary>\n<p><\/p>\n<\/details>\n\n\n\n<div class=\"wp-block-columns is-layout-flex wp-container-core-columns-is-layout-9d6595d7 wp-block-columns-is-layout-flex\">\n<div class=\"wp-block-column is-vertically-aligned-center is-layout-flow wp-block-column-is-layout-flow\"><\/div>\n<\/div>\n<\/div><\/div>\n\n\n\n<hr class=\"wp-block-separator has-alpha-channel-opacity\"\/>\n\n\n\n<div style=\"height:61px\" aria-hidden=\"true\" class=\"wp-block-spacer\"><\/div>\n\n\n\n<p class=\"has-white-color has-text-color has-background has-link-color has-medium-font-size wp-elements-1ad4360a2cb66d761709ddf755cdb940\" style=\"background:linear-gradient(135deg,rgb(255,245,203) 0%,rgb(28,30,29) 50%,rgb(51,167,181) 100%)\"><strong>Visi\u00f3n<\/strong><\/p>\n\n\n\n<details class=\"wp-block-details is-layout-flow wp-block-details-is-layout-flow\"><summary>Formar lideres que tengan pasi\u00f3n por Cristo. Para que compartan el amor de Dios a los habitantes de Tepatitl\u00e1n y a toda la Zona de los Altos y el mundo.<br>Mateo 22:37-40 y 28:19-20<\/summary>\n<p><\/p>\n<\/details>\n\n\n\n<p><\/p>\n","protected":false},"excerpt":{"rendered":"<p>                           &#8230;<\/p>\n","protected":false},"author":2,"featured_media":0,"parent":0,"menu_order":0,"comment_status":"closed","ping_status":"closed","template":"fullwidth.php","meta":{"_monsterinsights_skip_tracking":false,"_monsterinsights_sitenote_active":false,"_monsterinsights_sitenote_note":"","_monsterinsights_sitenote_category":0,"footnotes":""},"class_list":["post-78","page","type-page","status-publish","hentry"],"_links":{"self":[{"href":"https:\/\/icbpalabradevida.org\/index.php?rest_route=\/wp\/v2\/pages\/78","targetHints":{"allow":["GET"]}}],"collection":[{"href":"https:\/\/icbpalabradevida.org\/index.php?rest_route=\/wp\/v2\/pages"}],"about":[{"href":"https:\/\/icbpalabradevida.org\/index.php?rest_route=\/wp\/v2\/types\/page"}],"author":[{"embeddable":true,"href":"https:\/\/icbpalabradevida.org\/index.php?rest_route=\/wp\/v2\/users\/2"}],"replies":[{"embeddable":true,"href":"https:\/\/icbpalabradevida.org\/index.php?rest_route=%2Fwp%2Fv2%2Fcomments&post=78"}],"version-history":[{"count":5,"href":"https:\/\/icbpalabradevida.org\/index.php?rest_route=\/wp\/v2\/pages\/78\/revisions"}],"predecessor-version":[{"id":526,"href":"https:\/\/icbpalabradevida.org\/index.php?rest_route=\/wp\/v2\/pages\/78\/revisions\/526"}],"wp:attachment":[{"href":"https:\/\/icbpalabradevida.org\/index.php?rest_route=%2Fwp%2Fv2%2Fmedia&parent=78"}],"curies":[{"name":"wp","href":"https:\/\/api.w.org\/{rel}","templated":true}]}}